{"id":277,"date":"2019-04-02T12:37:57","date_gmt":"2019-04-02T10:37:57","guid":{"rendered":"http:\/\/uzfotografica.com\/?page_id=277"},"modified":"2023-04-01T21:40:34","modified_gmt":"2023-04-01T19:40:34","slug":"sobre-mi","status":"publish","type":"page","link":"http:\/\/uzfotografica.com\/index.php\/sobre-mi\/","title":{"rendered":"Sobre m\u00ed"},"content":{"rendered":"\t\t<div data-elementor-type=\"wp-post\" data-elementor-id=\"277\" class=\"elementor elementor-277\">\n\t\t\t\t\t\t<section class=\"elementor-section elementor-top-section elementor-element elementor-element-3b35c56 elementor-section-boxed elementor-section-height-default elementor-section-height-default\" data-id=\"3b35c56\" data-element_type=\"section\">\n\t\t\t\t\t\t<div class=\"elementor-container elementor-column-gap-default\">\n\t\t\t\t\t<div class=\"elementor-column elementor-col-100 elementor-top-column elementor-element elementor-element-4becdc9\" data-id=\"4becdc9\" data-element_type=\"column\">\n\t\t\t<div class=\"elementor-widget-wrap elementor-element-populated\">\n\t\t\t\t\t\t<div class=\"elementor-element elementor-element-e301a99 elementor-widget elementor-widget-spacer\" data-id=\"e301a99\" data-element_type=\"widget\" data-widget_type=\"spacer.default\">\n\t\t\t\t<div class=\"elementor-widget-container\">\n\t\t\t\t\t\t\t<div class=\"elementor-spacer\">\n\t\t\t<div class=\"elementor-spacer-inner\"><\/div>\n\t\t<\/div>\n\t\t\t\t\t\t<\/div>\n\t\t\t\t<\/div>\n\t\t\t\t\t<\/div>\n\t\t<\/div>\n\t\t\t\t\t<\/div>\n\t\t<\/section>\n\t\t\t\t<section class=\"elementor-section elementor-top-section elementor-element elementor-element-278f elementor-section-content-middle elementor-section-boxed elementor-section-height-default elementor-section-height-default\" data-id=\"278f\" data-element_type=\"section\" data-settings=\"{&quot;background_background&quot;:&quot;gradient&quot;}\">\n\t\t\t\t\t\t<div class=\"elementor-container elementor-column-gap-no\">\n\t\t\t\t\t<div class=\"elementor-column elementor-col-50 elementor-top-column elementor-element elementor-element-466d\" data-id=\"466d\" data-element_type=\"column\">\n\t\t\t<div class=\"elementor-widget-wrap elementor-element-populated\">\n\t\t\t\t\t\t<div class=\"elementor-element elementor-element-7e84 elementor-invisible elementor-widget elementor-widget-image\" data-id=\"7e84\" data-element_type=\"widget\" data-settings=\"{&quot;_animation&quot;:&quot;fadeInLeft&quot;}\" data-widget_type=\"image.default\">\n\t\t\t\t<div class=\"elementor-widget-container\">\n\t\t\t\t\t\t\t\t\t\t\t\t\t\t\t<img fetchpriority=\"high\" decoding=\"async\" width=\"480\" height=\"717\" src=\"https:\/\/i0.wp.com\/uzfotografica.com\/wp-content\/uploads\/2019\/06\/jose_alejandro_uzcategui_uz_fotografica.jpg?fit=480%2C717\" class=\"attachment-sydney-mas-thumb size-sydney-mas-thumb wp-image-1631\" alt=\"foto retarto jose alejandro uzcategui\" srcset=\"https:\/\/i0.wp.com\/uzfotografica.com\/wp-content\/uploads\/2019\/06\/jose_alejandro_uzcategui_uz_fotografica.jpg?w=686 686w, https:\/\/i0.wp.com\/uzfotografica.com\/wp-content\/uploads\/2019\/06\/jose_alejandro_uzcategui_uz_fotografica.jpg?resize=201%2C300 201w, https:\/\/i0.wp.com\/uzfotografica.com\/wp-content\/uploads\/2019\/06\/jose_alejandro_uzcategui_uz_fotografica.jpg?resize=230%2C343 230w, https:\/\/i0.wp.com\/uzfotografica.com\/wp-content\/uploads\/2019\/06\/jose_alejandro_uzcategui_uz_fotografica.jpg?resize=350%2C522 350w, https:\/\/i0.wp.com\/uzfotografica.com\/wp-content\/uploads\/2019\/06\/jose_alejandro_uzcategui_uz_fotografica.jpg?resize=480%2C717 480w\" sizes=\"(max-width: 480px) 100vw, 480px\" \/>\t\t\t\t\t\t\t\t\t\t\t\t\t\t\t<\/div>\n\t\t\t\t<\/div>\n\t\t\t\t\t<\/div>\n\t\t<\/div>\n\t\t\t\t<div class=\"elementor-column elementor-col-50 elementor-top-column elementor-element elementor-element-6ee\" data-id=\"6ee\" data-element_type=\"column\">\n\t\t\t<div class=\"elementor-widget-wrap elementor-element-populated\">\n\t\t\t\t\t\t<div class=\"elementor-element elementor-element-0566a10 elementor-widget elementor-widget-spacer\" data-id=\"0566a10\" data-element_type=\"widget\" data-widget_type=\"spacer.default\">\n\t\t\t\t<div class=\"elementor-widget-container\">\n\t\t\t\t\t\t\t<div class=\"elementor-spacer\">\n\t\t\t<div class=\"elementor-spacer-inner\"><\/div>\n\t\t<\/div>\n\t\t\t\t\t\t<\/div>\n\t\t\t\t<\/div>\n\t\t\t\t<div class=\"elementor-element elementor-element-b33 elementor-invisible elementor-widget elementor-widget-text-editor\" data-id=\"b33\" data-element_type=\"widget\" data-settings=\"{&quot;_animation&quot;:&quot;fadeInRight&quot;}\" data-widget_type=\"text-editor.default\">\n\t\t\t\t<div class=\"elementor-widget-container\">\n\t\t\t\t\t\t\t\t\t<p>\u00a1Hola!, me encanta que est\u00e9is aqu\u00ed, primero que todo, deciros que tengo una hermosa familia, que para m\u00ed, son mi gran tesoro, conformada por mi amada esposa,\u00a0 hijo e hija, aparte de ser padre, soy Dise\u00f1ador Gr\u00e1fico y Fot\u00f3grafo, con\u00a0 unos cuantos a\u00f1os de experiencia.<\/p><p>Desde siempre me han encantado los ni\u00f1os, de peque\u00f1o me\u00a0 dec\u00edan que ten\u00eda sangre dulce para los peques, cuando estoy con ellos soy un ni\u00f1o m\u00e1s. La familia, para m\u00ed, es lo m\u00e1s importante que una persona puede tener y los ni\u00f1os son los seres m\u00e1s puros de este mundo. Por otro lado me encanta hacer fotos y todo lo que hay detr\u00e1s de hacerlas, esta pasi\u00f3n aunque me ven\u00eda de hace mucho tiempo, aument\u00f3 con el nacimiento de mi primer hijo, fue cuando me compr\u00e9 una r\u00e9flex, era principalmente para hacerle fotos a \u00e9l, y desde ah\u00ed empec\u00e9 adentrarme en este mundo tan fascinante, aunque soy autodidacta, me di cuenta que necesitaba instruirme para lograr unos mejores resultados, estudi\u00e9 en Workshop Experience en Madrid una escuela de Fotograf\u00eda, a partir de ah\u00ed, he seguido capacit\u00e1ndome haciendo cursos, talleres, etc. para mejorar mi estilo fotogr\u00e1fico.<\/p><p>Espero conoceros pronto y poder guardar recuerdos de tu familia a trav\u00e9s de mi c\u00e1mara y poder inmortalizar esas im\u00e1genes por siempre.<\/p>\t\t\t\t\t\t\t\t<\/div>\n\t\t\t\t<\/div>\n\t\t\t\t<div class=\"elementor-element elementor-element-7ef0 elementor-invisible elementor-widget elementor-widget-heading\" data-id=\"7ef0\" data-element_type=\"widget\" data-settings=\"{&quot;_animation&quot;:&quot;fadeInUp&quot;}\" data-widget_type=\"heading.default\">\n\t\t\t\t<div class=\"elementor-widget-container\">\n\t\t\t\t\t<h2 class=\"elementor-heading-title elementor-size-default\">Jos\u00e9 Alejandro Uzcategui<\/h2>\t\t\t\t<\/div>\n\t\t\t\t<\/div>\n\t\t\t\t\t<\/div>\n\t\t<\/div>\n\t\t\t\t\t<\/div>\n\t\t<\/section>\n\t\t\t\t<section class=\"elementor-section elementor-top-section elementor-element elementor-element-60230215 elementor-section-content-middle elementor-section-boxed elementor-section-height-default elementor-section-height-default\" data-id=\"60230215\" data-element_type=\"section\">\n\t\t\t\t\t\t<div class=\"elementor-container elementor-column-gap-no\">\n\t\t\t\t\t<div class=\"elementor-column elementor-col-100 elementor-top-column elementor-element elementor-element-4456195b\" data-id=\"4456195b\" data-element_type=\"column\">\n\t\t\t<div class=\"elementor-widget-wrap elementor-element-populated\">\n\t\t\t\t\t\t<div class=\"elementor-element elementor-element-1374cff0 elementor-widget elementor-widget-heading\" data-id=\"1374cff0\" data-element_type=\"widget\" data-widget_type=\"heading.default\">\n\t\t\t\t<div class=\"elementor-widget-container\">\n\t\t\t\t\t<h4 class=\"elementor-heading-title elementor-size-default\">\u00bfQuieres que hablemos?<\/h4>\t\t\t\t<\/div>\n\t\t\t\t<\/div>\n\t\t\t\t<div class=\"elementor-element elementor-element-4aff3b78 elementor-widget elementor-widget-text-editor\" data-id=\"4aff3b78\" data-element_type=\"widget\" data-widget_type=\"text-editor.default\">\n\t\t\t\t<div class=\"elementor-widget-container\">\n\t\t\t\t\t\t\t\t\t<p>No dudes en ponerte en contacto con nosotros y te responderemos lo antes posible. o si prefieres ll\u00e1manos al 635 682 249<\/p>\t\t\t\t\t\t\t\t<\/div>\n\t\t\t\t<\/div>\n\t\t\t\t<div class=\"elementor-element elementor-element-30d0380c elementor-align-center elementor-widget elementor-widget-button\" data-id=\"30d0380c\" data-element_type=\"widget\" data-widget_type=\"button.default\">\n\t\t\t\t<div class=\"elementor-widget-container\">\n\t\t\t\t\t\t\t\t\t<div class=\"elementor-button-wrapper\">\n\t\t\t\t\t<a class=\"elementor-button elementor-button-link elementor-size-sm elementor-animation-grow\" href=\"http:\/\/uzfotografica.com\/index.php\/contacto\/\">\n\t\t\t\t\t\t<span class=\"elementor-button-content-wrapper\">\n\t\t\t\t\t\t\t\t\t<span class=\"elementor-button-text\">cont\u00e1ctanos<\/span>\n\t\t\t\t\t<\/span>\n\t\t\t\t\t<\/a>\n\t\t\t\t<\/div>\n\t\t\t\t\t\t\t\t<\/div>\n\t\t\t\t<\/div>\n\t\t\t\t\t<\/div>\n\t\t<\/div>\n\t\t\t\t\t<\/div>\n\t\t<\/section>\n\t\t\t\t<section class=\"elementor-section elementor-top-section elementor-element elementor-element-3c11354e elementor-section-boxed elementor-section-height-default elementor-section-height-default\" data-id=\"3c11354e\" data-element_type=\"section\">\n\t\t\t\t\t\t<div class=\"elementor-container elementor-column-gap-default\">\n\t\t\t\t\t<div class=\"elementor-column elementor-col-100 elementor-top-column elementor-element elementor-element-5a7b8e6\" data-id=\"5a7b8e6\" data-element_type=\"column\">\n\t\t\t<div class=\"elementor-widget-wrap elementor-element-populated\">\n\t\t\t\t\t\t<div class=\"elementor-element elementor-element-4e8fbce1 elementor-widget elementor-widget-heading\" data-id=\"4e8fbce1\" data-element_type=\"widget\" data-widget_type=\"heading.default\">\n\t\t\t\t<div class=\"elementor-widget-container\">\n\t\t\t\t\t<h4 class=\"elementor-heading-title elementor-size-default\">S\u00edguenos en nuestras redes sociales<\/h4>\t\t\t\t<\/div>\n\t\t\t\t<\/div>\n\t\t\t\t<div class=\"elementor-element elementor-element-f135c3b elementor-shape-rounded elementor-grid-0 e-grid-align-center elementor-widget elementor-widget-social-icons\" data-id=\"f135c3b\" data-element_type=\"widget\" data-widget_type=\"social-icons.default\">\n\t\t\t\t<div class=\"elementor-widget-container\">\n\t\t\t\t\t\t\t<div class=\"elementor-social-icons-wrapper elementor-grid\">\n\t\t\t\t\t\t\t<span class=\"elementor-grid-item\">\n\t\t\t\t\t<a class=\"elementor-icon elementor-social-icon elementor-social-icon-facebook-f elementor-animation-pulse elementor-repeater-item-2766dff\" href=\"https:\/\/www.facebook.com\/UzFotografica\/\" target=\"_blank\" rel=\"noopener\">\n\t\t\t\t\t\t<span class=\"elementor-screen-only\">Facebook-f<\/span>\n\t\t\t\t\t\t<i class=\"fab fa-facebook-f\"><\/i>\t\t\t\t\t<\/a>\n\t\t\t\t<\/span>\n\t\t\t\t\t\t\t<span class=\"elementor-grid-item\">\n\t\t\t\t\t<a class=\"elementor-icon elementor-social-icon elementor-social-icon-instagram elementor-animation-pulse elementor-repeater-item-7d52d34\" href=\"https:\/\/www.instagram.com\/uz_fotografica\/\" target=\"_blank\" rel=\"noopener\">\n\t\t\t\t\t\t<span class=\"elementor-screen-only\">Instagram<\/span>\n\t\t\t\t\t\t<i class=\"fab fa-instagram\"><\/i>\t\t\t\t\t<\/a>\n\t\t\t\t<\/span>\n\t\t\t\t\t<\/div>\n\t\t\t\t\t\t<\/div>\n\t\t\t\t<\/div>\n\t\t\t\t\t<\/div>\n\t\t<\/div>\n\t\t\t\t\t<\/div>\n\t\t<\/section>\n\t\t\t\t<\/div>\n\t\t","protected":false},"excerpt":{"rendered":"<p>\u00a1Hola!, me encanta que est\u00e9is aqu\u00ed, primero que todo, deciros que tengo una hermosa familia, que para m\u00ed, son mi gran tesoro, [&hellip;]<\/p>\n","protected":false},"author":1,"featured_media":0,"parent":0,"menu_order":0,"comment_status":"closed","ping_status":"closed","template":"","meta":{"footnotes":""},"class_list":["post-277","page","type-page","status-publish","hentry"],"jetpack_sharing_enabled":true,"_links":{"self":[{"href":"http:\/\/uzfotografica.com\/index.php\/wp-json\/wp\/v2\/pages\/277","targetHints":{"allow":["GET"]}}],"collection":[{"href":"http:\/\/uzfotografica.com\/index.php\/wp-json\/wp\/v2\/pages"}],"about":[{"href":"http:\/\/uzfotografica.com\/index.php\/wp-json\/wp\/v2\/types\/page"}],"author":[{"embeddable":true,"href":"http:\/\/uzfotografica.com\/index.php\/wp-json\/wp\/v2\/users\/1"}],"replies":[{"embeddable":true,"href":"http:\/\/uzfotografica.com\/index.php\/wp-json\/wp\/v2\/comments?post=277"}],"version-history":[{"count":27,"href":"http:\/\/uzfotografica.com\/index.php\/wp-json\/wp\/v2\/pages\/277\/revisions"}],"predecessor-version":[{"id":3048,"href":"http:\/\/uzfotografica.com\/index.php\/wp-json\/wp\/v2\/pages\/277\/revisions\/3048"}],"wp:attachment":[{"href":"http:\/\/uzfotografica.com\/index.php\/wp-json\/wp\/v2\/media?parent=277"}],"curies":[{"name":"wp","href":"https:\/\/api.w.org\/{rel}","templated":true}]}}